{"id":986,"date":"2026-03-11T22:14:28","date_gmt":"2026-03-11T21:14:28","guid":{"rendered":"http:\/\/www.ingmar-hagemann.de\/wordpress\/?page_id=986"},"modified":"2026-04-29T14:25:20","modified_gmt":"2026-04-29T13:25:20","slug":"die-ansalyse-von-politischen-objekten-mit-hilfe-der-akteur-netzwerk-theorie","status":"publish","type":"page","link":"http:\/\/www.ingmar-hagemann.de\/wordpress\/die-ansalyse-von-politischen-objekten-mit-hilfe-der-akteur-netzwerk-theorie\/","title":{"rendered":"Die Analyse von politischen Objekten mit Hilfe der Akteur-Netzwerk-Theorie."},"content":{"rendered":"\n<p id=\"yui_3_17_2_1_1700056803244_38\">Eine wesentliche Idee der Akteur-Netzwerk-Theorie (ANT) ist die aktive Rolle von Objekten in sozialen Situationen. Objekte wie bspw. ein einzelnes Hilfsmittel (ein Telefon), eine komplexe Objekt-Konfiguration (ein Plenarsaal oder ein Konferenztisch) oder Protestsymbol (ein Regenschirm bei den Protesten in Hongkong 2014) sind also nicht als passive Elemente zu verstehen, sondern sie pr\u00e4gen auf ihre sehr spezifische Art und Weise Ph\u00e4nomene des Politischen: bestimmte soziale Dynamiken werden durch Objekte angesto\u00dfen, andere eher unwahrscheinlich gemacht. Bei der Analyse sozialer (politischer) Dynamiken m\u00fcssen im Sinne der ANT Objekte viel st\u00e4rker in den Blick genommen werden, um diese sozialen Ph\u00e4nomene angemessen analysieren und verstehen zu k\u00f6nnen.<\/p>\n\n\n\n<p>Die ANT bietet ein umfangreiches sozialtheoretisches und methodisches Programm, um Objekte als sozial wirksame Akteure analysieren zu k\u00f6nnen. Abschlussarbeiten in diesem Bereich k\u00f6nnen hier ansetzen und entlang der Analyse exemplarischer politischer Objekte zur Integration der ANT in das theoretische und methodische Portfolio der Politikwissenschaften beitragen.&nbsp;<\/p>\n\n\n\n<p><strong>Empfehlung zum Einstieg in das Thema <\/strong><br><br>Callon, Michel: Einige Elemente einer Soziologie der \u00dcbersetzung: Die Domestikation der Kammmuscheln und der Fischer der St. Brieuc-Bucht, in: Belliger, Andrea; Krieger, David J. (Hrsg.): ANThology. Ein einf\u00fchrendes Handbuch zur Akteur-Netzwerk-Theorie, Bielefeld: transcript Verlag 2006, S. 135-174.<\/p>\n\n\n\n<p>Gertenbach, Lars; Laux, Henning (2019): Zur Aktualit\u00e4t von Bruno Latour, Wiesbaden: Springer VS.<\/p>\n\n\n\n<p><\/p>\n","protected":false},"excerpt":{"rendered":"<p>Eine wesentliche Idee der Akteur-Netzwerk-Theorie (ANT) ist die aktive Rolle von Objekten in sozialen Situationen. Objekte wie bspw. ein einzelnes Hilfsmittel (ein Telefon), eine komplexe Objekt-Konfiguration (ein Plenarsaal oder ein Konferenztisch) oder Protestsymbol (ein Regenschirm bei den Protesten in Hongkong 2014) sind also nicht als passive Elemente zu verstehen, sondern sie pr\u00e4gen auf ihre sehr [&hellip;]<\/p>\n","protected":false},"author":1,"featured_media":0,"parent":0,"menu_order":0,"comment_status":"closed","ping_status":"closed","template":"","meta":{"footnotes":""},"class_list":["post-986","page","type-page","status-publish","hentry"],"_links":{"self":[{"href":"http:\/\/www.ingmar-hagemann.de\/wordpress\/wp-json\/wp\/v2\/pages\/986","targetHints":{"allow":["GET"]}}],"collection":[{"href":"http:\/\/www.ingmar-hagemann.de\/wordpress\/wp-json\/wp\/v2\/pages"}],"about":[{"href":"http:\/\/www.ingmar-hagemann.de\/wordpress\/wp-json\/wp\/v2\/types\/page"}],"author":[{"embeddable":true,"href":"http:\/\/www.ingmar-hagemann.de\/wordpress\/wp-json\/wp\/v2\/users\/1"}],"replies":[{"embeddable":true,"href":"http:\/\/www.ingmar-hagemann.de\/wordpress\/wp-json\/wp\/v2\/comments?post=986"}],"version-history":[{"count":3,"href":"http:\/\/www.ingmar-hagemann.de\/wordpress\/wp-json\/wp\/v2\/pages\/986\/revisions"}],"predecessor-version":[{"id":1017,"href":"http:\/\/www.ingmar-hagemann.de\/wordpress\/wp-json\/wp\/v2\/pages\/986\/revisions\/1017"}],"wp:attachment":[{"href":"http:\/\/www.ingmar-hagemann.de\/wordpress\/wp-json\/wp\/v2\/media?parent=986"}],"curies":[{"name":"wp","href":"https:\/\/api.w.org\/{rel}","templated":true}]}}