{"id":971,"date":"2026-03-11T11:54:01","date_gmt":"2026-03-11T10:54:01","guid":{"rendered":"http:\/\/www.ingmar-hagemann.de\/wordpress\/?page_id=971"},"modified":"2026-03-13T23:32:35","modified_gmt":"2026-03-13T22:32:35","slug":"experimente-zu-ki-ai-und-diskursanalyse","status":"publish","type":"page","link":"http:\/\/www.ingmar-hagemann.de\/wordpress\/experimente-zu-ki-ai-und-diskursanalyse\/","title":{"rendered":"Experimente zu KI \/ AI und Diskursanalyse"},"content":{"rendered":"\n<p>Durch die Verf\u00fcgbarkeit von leistungsf\u00e4higer AI \/ KI verschiebt sich aktuell fundamental, was mit Hilfe technischer Unterst\u00fctzung im Bereich qualitativer Forschung m\u00f6glich ist. Angesichts der schnellen technologischen Entwicklung und vieler offener Fragen erscheint es passgenau, experimentell in dieses Feld einzusteigen.<\/p>\n\n\n\n<p>Zwei Ansatzpunkte interessieren mich gerade besonders.<\/p>\n\n\n\n<ol class=\"wp-block-list\">\n<li>Inwiefern k\u00f6nnen LLMs genutzt werden, um Teile der hegemonieanalytischen Textanalyse abzubilden?<\/li>\n\n\n\n<li>Kann mit Hilfe von LLMs die Daten- und Perspektivmenge einer Praxissituation bew\u00e4ltigen zu k\u00f6nnen &#8211; ggf. auch mit ersten Ans\u00e4tzen automatisierter Analyse?<br><\/li>\n<\/ol>\n\n\n\n<p><br>Literatur zum Thema<\/p>\n\n\n<ul class=\"wp-block-latest-posts__list has-dates wp-block-latest-posts\"><li><a class=\"wp-block-latest-posts__post-title\" href=\"http:\/\/www.ingmar-hagemann.de\/wordpress\/dunivin-scaling-hermeneutics-a-guide-to-qualitative-coding-with-llms-for-reflexive-content-analysis\/\">Dunivin, Scaling hermeneutics a guide to qualitative coding with LLMs for reflexive content analysis<\/a><time datetime=\"2026-03-13T23:28:16+01:00\" class=\"wp-block-latest-posts__post-date\">13. M\u00e4rz 2026<\/time><\/li>\n<li><a class=\"wp-block-latest-posts__post-title\" href=\"http:\/\/www.ingmar-hagemann.de\/wordpress\/halterman-keith-codebook-llms-evaluating-llms-as-measurement-tools-for-political-science-concepts\/\">Halterman ; Keith, Codebook LLMs: Evaluating LLMs as Measurement Tools for Political Science Concepts<\/a><time datetime=\"2026-03-13T22:30:59+01:00\" class=\"wp-block-latest-posts__post-date\">13. M\u00e4rz 2026<\/time><\/li>\n<\/ul>","protected":false},"excerpt":{"rendered":"<p>Durch die Verf\u00fcgbarkeit von leistungsf\u00e4higer AI \/ KI verschiebt sich aktuell fundamental, was mit Hilfe technischer Unterst\u00fctzung im Bereich qualitativer Forschung m\u00f6glich ist. Angesichts der schnellen technologischen Entwicklung und vieler offener Fragen erscheint es passgenau, experimentell in dieses Feld einzusteigen. Zwei Ansatzpunkte interessieren mich gerade besonders. Literatur zum Thema<\/p>\n","protected":false},"author":1,"featured_media":0,"parent":0,"menu_order":0,"comment_status":"closed","ping_status":"closed","template":"","meta":{"footnotes":""},"class_list":["post-971","page","type-page","status-publish","hentry"],"_links":{"self":[{"href":"http:\/\/www.ingmar-hagemann.de\/wordpress\/wp-json\/wp\/v2\/pages\/971","targetHints":{"allow":["GET"]}}],"collection":[{"href":"http:\/\/www.ingmar-hagemann.de\/wordpress\/wp-json\/wp\/v2\/pages"}],"about":[{"href":"http:\/\/www.ingmar-hagemann.de\/wordpress\/wp-json\/wp\/v2\/types\/page"}],"author":[{"embeddable":true,"href":"http:\/\/www.ingmar-hagemann.de\/wordpress\/wp-json\/wp\/v2\/users\/1"}],"replies":[{"embeddable":true,"href":"http:\/\/www.ingmar-hagemann.de\/wordpress\/wp-json\/wp\/v2\/comments?post=971"}],"version-history":[{"count":6,"href":"http:\/\/www.ingmar-hagemann.de\/wordpress\/wp-json\/wp\/v2\/pages\/971\/revisions"}],"predecessor-version":[{"id":1011,"href":"http:\/\/www.ingmar-hagemann.de\/wordpress\/wp-json\/wp\/v2\/pages\/971\/revisions\/1011"}],"wp:attachment":[{"href":"http:\/\/www.ingmar-hagemann.de\/wordpress\/wp-json\/wp\/v2\/media?parent=971"}],"curies":[{"name":"wp","href":"https:\/\/api.w.org\/{rel}","templated":true}]}}