{"id":806,"date":"2024-03-08T09:13:46","date_gmt":"2024-03-08T08:13:46","guid":{"rendered":"http:\/\/www.ingmar-hagemann.de\/wordpress\/?page_id=806"},"modified":"2026-03-11T22:10:58","modified_gmt":"2026-03-11T21:10:58","slug":"lektuerelisten","status":"publish","type":"page","link":"http:\/\/www.ingmar-hagemann.de\/wordpress\/lektuerelisten\/","title":{"rendered":"Lekt\u00fcrelisten"},"content":{"rendered":"\n<p>Die Lekt\u00fcrelisten lassen sich in einem doppelten Sinne verstehen \/ lesen: <\/p>\n\n\n\n<ol class=\"wp-block-list\">\n<li>Die hier versammelte Literatur soll den TeilnehmerInnen meiner Lehrveranstaltungen (und gerne auch dar\u00fcber hinaus) <strong>Orientierung und Inspiration f\u00fcr ihre eigenen Forschungsprojekte geben<\/strong>. Gerade f\u00fcr die Methodenseminare sind entsprechend nicht nur wissenschaftliche Texte, sondern auch m\u00f6gliche Untersuchungsgegenst\u00e4nde (bspw. zentrale Texte diskursiver Str\u00e4nge der gr\u00fcnen Bewegung) versammelt.<\/li>\n\n\n\n<li>Dar\u00fcber hinaus geben die Listen <strong>Einblicke in meine aktuellen Lekt\u00fcren<\/strong>, sodass hier deutlich wird, was meine thematischen Schwerpunkte sind und was mich gerade besonders besch\u00e4ftigt.<\/li>\n<\/ol>\n\n\n\n<p>Aktuell existieren Lekt\u00fcrelisten mit den folgenden Schwerpunkten:<\/p>\n\n\n<ul class=\"wp-block-categories-list wp-block-categories\">\t<li class=\"cat-item cat-item-263\"><a href=\"http:\/\/www.ingmar-hagemann.de\/wordpress\/category\/agile-lehre\/\">Agile Lehre<\/a> (2)\n<\/li>\n\t<li class=\"cat-item cat-item-284\"><a href=\"http:\/\/www.ingmar-hagemann.de\/wordpress\/category\/ai-ki-und-diskursanalyse\/\">AI \/ KI und Diskursanalyse<\/a> (2)\n<\/li>\n\t<li class=\"cat-item cat-item-180\"><a href=\"http:\/\/www.ingmar-hagemann.de\/wordpress\/category\/aktuelle-gesellschaftstheorie-gesellschaftsanalyse\/\">Aktuelle Gesellschaftstheorie \/ Gesellschaftsanalyse<\/a> (7)\n<\/li>\n\t<li class=\"cat-item cat-item-192\"><a href=\"http:\/\/www.ingmar-hagemann.de\/wordpress\/category\/analysegegenstaende-klima-transformation\/\">Analysegegenst\u00e4nde Klima-Transformation<\/a> (3)\n<\/li>\n\t<li class=\"cat-item cat-item-158\"><a href=\"http:\/\/www.ingmar-hagemann.de\/wordpress\/category\/analysegegenstaende_klimaschutzbewegung\/\">Analysegegenst\u00e4nde Klimaschutz(bewegung)<\/a> (3)\n<\/li>\n\t<li class=\"cat-item cat-item-165\"><a href=\"http:\/\/www.ingmar-hagemann.de\/wordpress\/category\/analysegegenstaende-postwachstumsbewegung\/\">Analysegegenst\u00e4nde Postwachstumsbewegung<\/a> (2)\n<\/li>\n\t<li class=\"cat-item cat-item-258\"><a href=\"http:\/\/www.ingmar-hagemann.de\/wordpress\/category\/ant\/\">ANT<\/a> (1)\n<\/li>\n\t<li class=\"cat-item cat-item-239\"><a href=\"http:\/\/www.ingmar-hagemann.de\/wordpress\/category\/bewegungsforschung\/\">Bewegungsforschung<\/a> (2)\n<\/li>\n\t<li class=\"cat-item cat-item-217\"><a href=\"http:\/\/www.ingmar-hagemann.de\/wordpress\/category\/demokratie-demokratietheorie\/\">Demokratie \/ Demokratietheorie<\/a> (5)\n<\/li>\n\t<li class=\"cat-item cat-item-238\"><a href=\"http:\/\/www.ingmar-hagemann.de\/wordpress\/category\/diskursanalyse\/\">Diskursanalyse<\/a> (5)\n<\/li>\n\t<li class=\"cat-item cat-item-234\"><a href=\"http:\/\/www.ingmar-hagemann.de\/wordpress\/category\/geschichte\/\">Geschichte<\/a> (3)\n<\/li>\n\t<li class=\"cat-item cat-item-186\"><a href=\"http:\/\/www.ingmar-hagemann.de\/wordpress\/category\/grundlagen-gruene-bewegung\/\">Grundlagen gr\u00fcne Bewegung<\/a> (1)\n<\/li>\n\t<li class=\"cat-item cat-item-208\"><a href=\"http:\/\/www.ingmar-hagemann.de\/wordpress\/category\/gruene-bewegung\/\">Gr\u00fcne Bewegung<\/a> (4)\n<\/li>\n\t<li class=\"cat-item cat-item-237\"><a href=\"http:\/\/www.ingmar-hagemann.de\/wordpress\/category\/hegemonietheorie-hegemonieanalyse\/\">Hegemonietheorie \/ Hegemonieanalyse<\/a> (2)\n<\/li>\n\t<li class=\"cat-item cat-item-265\"><a href=\"http:\/\/www.ingmar-hagemann.de\/wordpress\/category\/ki-in-der-lehre\/\">KI in der Lehre<\/a> (2)\n<\/li>\n\t<li class=\"cat-item cat-item-187\"><a href=\"http:\/\/www.ingmar-hagemann.de\/wordpress\/category\/klimaschutzbewegung\/\">Klimaschutz(bewegung)<\/a> (6)\n<\/li>\n\t<li class=\"cat-item cat-item-285\"><a href=\"http:\/\/www.ingmar-hagemann.de\/wordpress\/category\/methoden\/\">Methoden<\/a> (1)\n<\/li>\n\t<li class=\"cat-item cat-item-148\"><a href=\"http:\/\/www.ingmar-hagemann.de\/wordpress\/category\/postwachstum\/\">Postwachstum<\/a> (2)\n<\/li>\n\t<li class=\"cat-item cat-item-280\"><a href=\"http:\/\/www.ingmar-hagemann.de\/wordpress\/category\/pragmatismus\/\">Pragmatismus<\/a> (1)\n<\/li>\n\t<li class=\"cat-item cat-item-174\"><a href=\"http:\/\/www.ingmar-hagemann.de\/wordpress\/category\/praxeologie-praxistheorie\/\">Praxeologie \/ Praxistheorie<\/a> (13)\n<\/li>\n\t<li class=\"cat-item cat-item-248\"><a href=\"http:\/\/www.ingmar-hagemann.de\/wordpress\/category\/qualitative-methoden\/\">Qualitative Methoden<\/a> (10)\n<\/li>\n\t<li class=\"cat-item cat-item-249\"><a href=\"http:\/\/www.ingmar-hagemann.de\/wordpress\/category\/situationsanalyse\/\">Situationsanalyse<\/a> (6)\n<\/li>\n\t<li class=\"cat-item cat-item-201\"><a href=\"http:\/\/www.ingmar-hagemann.de\/wordpress\/category\/soziale-transformation\/\">Soziale Transformation<\/a> (8)\n<\/li>\n\t<li class=\"cat-item cat-item-270\"><a href=\"http:\/\/www.ingmar-hagemann.de\/wordpress\/category\/verkehrswende\/\">Verkehrswende<\/a> (1)\n<\/li>\n<\/ul>","protected":false},"excerpt":{"rendered":"<p>Die Lekt\u00fcrelisten lassen sich in einem doppelten Sinne verstehen \/ lesen: Aktuell existieren Lekt\u00fcrelisten mit den folgenden Schwerpunkten:<\/p>\n","protected":false},"author":1,"featured_media":0,"parent":0,"menu_order":0,"comment_status":"closed","ping_status":"closed","template":"","meta":{"footnotes":""},"class_list":["post-806","page","type-page","status-publish","hentry"],"_links":{"self":[{"href":"http:\/\/www.ingmar-hagemann.de\/wordpress\/wp-json\/wp\/v2\/pages\/806","targetHints":{"allow":["GET"]}}],"collection":[{"href":"http:\/\/www.ingmar-hagemann.de\/wordpress\/wp-json\/wp\/v2\/pages"}],"about":[{"href":"http:\/\/www.ingmar-hagemann.de\/wordpress\/wp-json\/wp\/v2\/types\/page"}],"author":[{"embeddable":true,"href":"http:\/\/www.ingmar-hagemann.de\/wordpress\/wp-json\/wp\/v2\/users\/1"}],"replies":[{"embeddable":true,"href":"http:\/\/www.ingmar-hagemann.de\/wordpress\/wp-json\/wp\/v2\/comments?post=806"}],"version-history":[{"count":4,"href":"http:\/\/www.ingmar-hagemann.de\/wordpress\/wp-json\/wp\/v2\/pages\/806\/revisions"}],"predecessor-version":[{"id":984,"href":"http:\/\/www.ingmar-hagemann.de\/wordpress\/wp-json\/wp\/v2\/pages\/806\/revisions\/984"}],"wp:attachment":[{"href":"http:\/\/www.ingmar-hagemann.de\/wordpress\/wp-json\/wp\/v2\/media?parent=806"}],"curies":[{"name":"wp","href":"https:\/\/api.w.org\/{rel}","templated":true}]}}