{"id":759,"date":"2023-11-15T15:53:42","date_gmt":"2023-11-15T14:53:42","guid":{"rendered":"http:\/\/www.ingmar-hagemann.de\/wordpress\/?page_id=759"},"modified":"2026-03-14T07:55:46","modified_gmt":"2026-03-14T06:55:46","slug":"abschlussarbeiten","status":"publish","type":"page","link":"http:\/\/www.ingmar-hagemann.de\/wordpress\/abschlussarbeiten\/","title":{"rendered":"Abschlussarbeiten"},"content":{"rendered":"\n<p>Ich betreue Abschlussarbeiten im Bachelor und Master, sofern thematische Passgenauigkeit gegeben ist. Auf dieser Seite findest eine <strong>\u00dcbersicht m\u00f6glicher thematischer Ansatzpunkte<\/strong> und <strong>weiter unten alle wesentlichen organisatorischen Informationen<\/strong>.<\/p>\n\n\n\n<h4 class=\"wp-block-heading\">Thematische Ansatzpunkte<\/h4>\n\n\n\n<p>In den folgenden thematischen Feldern sind Abschlussarbeiten m\u00f6glich. Die verlinkten Seiten geben Dir genauere Einblicke in das Thema.<\/p>\n\n\n\n<ul class=\"wp-block-list\">\n<li>Akteur Netzwerk Theorie \/ Praxistheorie\n<ul class=\"wp-block-list\">\n<li><mark style=\"background-color:#FFFFFF\" class=\"has-inline-color\"><a href=\"http:\/\/www.ingmar-hagemann.de\/wordpress\/die-ansalyse-von-politischen-objekten-mit-hilfe-der-akteur-netzwerk-theorie\/\">Die Analyse von politischen Objekten mit Hilfe der Akteur-Netzwerk-Theorie.<\/a><\/mark><\/li>\n\n\n\n<li><mark style=\"background-color:#ffffff\" class=\"has-inline-color\"><a href=\"http:\/\/www.ingmar-hagemann.de\/wordpress\/praxistheoretische-perspektiven-auf-politische-phaenomene\/\">Praxistheoretische Perspektiven auf politische Ph\u00e4nomene<\/a><\/mark><\/li>\n\n\n\n<li>Ethnologische Methode und Situationsanalysen als Ans\u00e4tze zur Erfassung von Praxissituationen (Details in Vorbereitung)<\/li>\n\n\n\n<li><a href=\"http:\/\/www.ingmar-hagemann.de\/wordpress\/wp-admin\/post.php?post=971&amp;action=edit\">Experimente zu AI \/ KI und Diskursanalyse<\/a> (Details in Vorbereitung)<\/li>\n<\/ul>\n<\/li>\n\n\n\n<li>Diskursanalyse(n)\n<ul class=\"wp-block-list\">\n<li><mark style=\"background-color:#FFFFFF\" class=\"has-inline-color\"><a href=\"http:\/\/www.ingmar-hagemann.de\/wordpress\/hegemonieanalysen-der-gruenen-bewegung\/\">Hegemonieanalysen der gr\u00fcnen Bewegung<\/a><\/mark><\/li>\n\n\n\n<li>Diskurs- und Hegemonieanalysen rechter Bewegungen \/ Parteien (Details in Vorbereitung)<\/li>\n\n\n\n<li>Kritische Diskursanalyse (Details in Vorbereitung)<\/li>\n\n\n\n<li>Wissenssoziologische Diskursanalysen (Details in Vorbereitung)<\/li>\n<\/ul>\n<\/li>\n\n\n\n<li>Soziale Bewegungen\n<ul class=\"wp-block-list\">\n<li>AI \/ KI und digitale Kampagnenstrategien sozialer Bewegungen \/ Bewegungsorganisationen (Details in Vorbereitung)<\/li>\n\n\n\n<li><mark style=\"background-color:#FFFFFF\" class=\"has-inline-color\"><a href=\"http:\/\/www.ingmar-hagemann.de\/wordpress\/postwachstum-als-idee-ansatz-zur-sozialen-transformation-und-form-einer-sozialen-bewegung\/\">Postwachstum (als Idee, Ansatz zur sozialen Transformation und Form einer sozialen Bewegung)<\/a><\/mark><\/li>\n<\/ul>\n<\/li>\n\n\n\n<li>Demokratie \/ Gesellschaftstheorie \/ Sozialtheorie\n<ul class=\"wp-block-list\">\n<li><mark style=\"background-color:#FFFFFF\" class=\"has-inline-color\"><a href=\"http:\/\/www.ingmar-hagemann.de\/wordpress\/praxis-der-kritik-luc-boltanskis-soziologie-der-kritik-und-die-politische-praxis\/\">Praxis der Kritik. Luc Boltanskis Soziologie der Kritik und die politische Praxis.<\/a><\/mark><\/li>\n\n\n\n<li>AI \/ KI und Demokratie (Details in Vorbereitung)<\/li>\n<\/ul>\n<\/li>\n<\/ul>\n\n\n\n<p>Weitere Inspirationen und damit m\u00f6gliche Themenfelder findest Du in den <a href=\"http:\/\/www.ingmar-hagemann.de\/wordpress\/lektuerelisten\/\">thematisch getaggten Lekt\u00fcrelisten<\/a> auf dieser Webseite.<\/p>\n\n\n\n<h3 class=\"wp-block-heading\">Organisatorisches<\/h3>\n\n\n\n<p>Folgende drei initiale Schritte erm\u00f6glichen es, die Passgenauigkeit Deines thematischen Interesses abzukl\u00e4ren. <\/p>\n\n\n\n<h6 class=\"wp-block-heading\">Erste Schritte<\/h6>\n\n\n\n<p>1. Du ben\u00f6tigst eine&nbsp;<strong>erste inhaltliche Orientierung<\/strong>&nbsp;im Themenfeld der Abschlussarbeit. Entsprechend sollten einige grundlegende Texte intensiv gelesen werden. <mark style=\"background-color:#ffff00\" class=\"has-inline-color\">Thematische Ansatzpunkte findest Du oben.<\/mark><\/p>\n\n\n\n<p>2. Auf Basis dieser ersten Orientierung \u00fcberlege Dir bitte\u00a0<strong>erste genauere Frage- oder Problemstellungen<\/strong>, die Du gerne bearbeiten m\u00f6chtest bzw. die Dich interessieren. Erste Ideen reichen, damit wir damit weiter arbeiten k\u00f6nnen.<\/p>\n\n\n\n<p>3. Verschriftliche die Punkte 1 und 2 in Form eines\u00a0<strong>Kurzexpos\u00e9s<\/strong>\u00a0(halbe Seite, kurze und vorl\u00e4ufige Beschreibung des Vorhabens, grundlegende Literatur) und schicke es an <a href=\"mailto:ingmar.hagemann@uni-due.de\">ingmar.hagemann@uni-due.de<\/a>.<br><\/p>\n\n\n\n<h6 class=\"wp-block-heading\">Weiterer Prozess <\/h6>\n\n\n\n<p>Sofern Dein Projekt zu meinen inhaltlichen Schwerpunkten passt, gestaltet sich der weitere Prozess wie folgt.<\/p>\n\n\n\n<ul class=\"wp-block-list\">\n<li>In der Regel werden Abschlussarbeiten f\u00fcr den BA Politikwissenschaft \/ die Master im Rahmen des&nbsp;<strong>gemeinsamen Kolloquiums von Prof. Dr. Franziska Martinsen, Dr. Annette F\u00f6rster, Samia Mohammed und mir<\/strong>&nbsp;vorbereitet. Die genauen Termine und Anmeldeinformationen finden sich&nbsp;<a href=\"https:\/\/campus.uni-due.de\/lsf\/rds?state=verpublish&amp;status=init&amp;vmfile=no&amp;moduleCall=webInfo&amp;publishConfFile=webInfoPerson&amp;publishSubDir=personal&amp;keep=y&amp;purge=y&amp;personal.pid=61151#lecture\">hier<\/a>.\n<ul class=\"wp-block-list\">\n<li>F\u00fcr StudentInnen im BA Politikwissenschaft und den Mastern ist der Besuch eines Kolloquiums verpflichtend. <\/li>\n\n\n\n<li>Bei Abschlussarbeiten im Lehramt ist der Besuch des Kolloquiums nicht verpflichtend, aber ausdr\u00fccklich empfohlen, denn durch das Kolloquium wird der Prozess zur Vorbereitung einer Abschlussarbeit erheblich besser strukturiert und Dein Projekt profitiert von dem kollegialen Feedback des Kolloquiums.<\/li>\n<\/ul>\n<\/li>\n\n\n\n<li>Auf Basis des oben genannten Kurzexpos\u00e9s w\u00fcrde ich gerne mit Dir pers\u00f6nlich sprechen. \n<ul class=\"wp-block-list\">\n<li>Dies kann auch vor Beginn des Kolloquiums erfolgen.<\/li>\n\n\n\n<li>Meine <strong>Sprechstunde<\/strong>&nbsp;ist meistens am Mittwoch um 15 Uhr (Bitte per Mail kurz Kontakt aufnehmen). <\/li>\n<\/ul>\n<\/li>\n\n\n\n<li>Im Anschluss an das Gespr\u00e4ch und \/ oder im Rahmen des Kolloquiums wird ein ausf\u00fchrliches Expos\u00e9 geschrieben, welches das Projekt der Abschlussarbeit weiter konkretisiert (<a href=\"https:\/\/www.uni-due.de\/imperia\/md\/content\/politik\/anleitung_exposee.pdf\">Mehr Details zum Expos\u00e9<\/a>). \n<ul class=\"wp-block-list\">\n<li>Ein <strong>tragf\u00e4higes<\/strong> <strong>Expos\u00e9<\/strong> ist notwendige Voraussetzung f\u00fcr die Anmeldung einer Abschlussarbeit.<\/li>\n<\/ul>\n<\/li>\n<\/ul>\n","protected":false},"excerpt":{"rendered":"<p>Ich betreue Abschlussarbeiten im Bachelor und Master, sofern thematische Passgenauigkeit gegeben ist. Auf dieser Seite findest eine \u00dcbersicht m\u00f6glicher thematischer Ansatzpunkte und weiter unten alle wesentlichen organisatorischen Informationen. Thematische Ansatzpunkte In den folgenden thematischen Feldern sind Abschlussarbeiten m\u00f6glich. Die verlinkten Seiten geben Dir genauere Einblicke in das Thema. Weitere Inspirationen und damit m\u00f6gliche Themenfelder findest [&hellip;]<\/p>\n","protected":false},"author":1,"featured_media":0,"parent":0,"menu_order":0,"comment_status":"closed","ping_status":"closed","template":"","meta":{"footnotes":""},"class_list":["post-759","page","type-page","status-publish","hentry"],"_links":{"self":[{"href":"http:\/\/www.ingmar-hagemann.de\/wordpress\/wp-json\/wp\/v2\/pages\/759","targetHints":{"allow":["GET"]}}],"collection":[{"href":"http:\/\/www.ingmar-hagemann.de\/wordpress\/wp-json\/wp\/v2\/pages"}],"about":[{"href":"http:\/\/www.ingmar-hagemann.de\/wordpress\/wp-json\/wp\/v2\/types\/page"}],"author":[{"embeddable":true,"href":"http:\/\/www.ingmar-hagemann.de\/wordpress\/wp-json\/wp\/v2\/users\/1"}],"replies":[{"embeddable":true,"href":"http:\/\/www.ingmar-hagemann.de\/wordpress\/wp-json\/wp\/v2\/comments?post=759"}],"version-history":[{"count":29,"href":"http:\/\/www.ingmar-hagemann.de\/wordpress\/wp-json\/wp\/v2\/pages\/759\/revisions"}],"predecessor-version":[{"id":1015,"href":"http:\/\/www.ingmar-hagemann.de\/wordpress\/wp-json\/wp\/v2\/pages\/759\/revisions\/1015"}],"wp:attachment":[{"href":"http:\/\/www.ingmar-hagemann.de\/wordpress\/wp-json\/wp\/v2\/media?parent=759"}],"curies":[{"name":"wp","href":"https:\/\/api.w.org\/{rel}","templated":true}]}}