{"id":554,"date":"2015-05-13T14:53:47","date_gmt":"2015-05-13T13:53:47","guid":{"rendered":"http:\/\/www.ingmar-hagemann.de\/wordpress\/?page_id=554"},"modified":"2023-11-15T16:10:16","modified_gmt":"2023-11-15T15:10:16","slug":"aktuelles","status":"publish","type":"page","link":"http:\/\/www.ingmar-hagemann.de\/wordpress\/aktuelles\/","title":{"rendered":"Aktuelle Publikationen"},"content":{"rendered":"\n<p><strong>Handbuch Poststrukturalistische Perspektiven auf soziale Bewegungen. Ans\u00e4tze, Methoden und Forschungspraxis<\/strong><\/p>\n\n\n\n<p>von Judith Vey \/ Johanna Leinius \/ Ingmar Hagemann (Hg.)&nbsp;<\/p>\n\n\n\n<p>Das Handbuch widmet sich erstmals systematisch und vergleichend der Frage, wie soziale Bewegungen aus einer poststrukturalistischen Perspektive analysiert werden k\u00f6nnen. Die Beitr\u00e4ge stellen verschiedene Ans\u00e4tze vor und zeigen jeweils anhand eines Beispiels aus der Forschungspraxis, wie dieser Ansatz f\u00fcr die Analyse sozialer Bewegungen genutzt werden kann. Durch die Anwendung alternativer Methoden, die enge Verkn\u00fcpfung von Theorie und Praxis und eine gesellschaftstheoretische Perspektive werden auf diese Weise neue Einsichten in den Forschungsgegenstand \u00bbsoziale Bewegungen\u00ab m\u00f6glich.<\/p>\n\n\n\n<p><em>Das Handbuch ist im Herbst 2019 bei<\/em> <a href=\"https:\/\/www.transcript-verlag.de\/978-3-8376-4879-9\/handbuch-poststrukturalistische-perspektiven-auf-soziale-bewegungen\/\"><strong><em>transcript <\/em><\/strong><\/a><em>erschienen (Print, Open Access) und ist <\/em><a href=\"https:\/\/www.transcript-verlag.de\/media\/pdf\/be\/e4\/f0\/oa9783839448793raG3EyCnvM6WR.pdf\"><strong><em>hier als Open Access verf\u00fcgbar<\/em><\/strong><\/a><strong><em>.<\/em><\/strong><\/p>\n\n\n\n<hr class=\"wp-block-separator has-alpha-channel-opacity\"\/>\n\n\n\n<p>Leinius, Johanna; Vey, Judith; Hagemann, Ingmar: Poststrukturalistische Perspektiven auf soziale Bewegungen: Pl\u00e4doyer f\u00fcr eine notwendige Blickverschiebung (FJSB 4\/2017, 6-20), <a href=\"http:\/\/forschungsjournal.de\/sites\/default\/files\/downloads\/fjsb_2017-4_leinius_vey_hagemann.pdf\">als Open Access online verf\u00fcgbar<\/a><\/p>\n\n\n\n<hr class=\"wp-block-separator has-alpha-channel-opacity\"\/>\n\n\n\n<p>Hagemann, Ingmar: Das gegenhegemoniale Moment der Demokratie. Gegenhegemoniale Projekte und demokratische Demokratie am Fallbeispiel der gr\u00fcnen Bewegung, Universit\u00e4t Duisburg-Essen (2016):&nbsp;<a href=\"http:\/\/duepublico.uni-duisburg-essen.de\/servlets\/DerivateServlet\/Derivate-42540\/Hagemann_Diss.pdf\">als Open Access online abrufbar<\/a><\/p>\n\n\n\n<hr class=\"wp-block-separator has-alpha-channel-opacity\"\/>\n\n\n\n<p>Das (gegen-)hegemoniale Moment der Demokratie. Die Hegemonietheorie von Ernesto Laclau und Chantal Mouffe als Theorie der Demokratie, in: Martinsen, Renate (Hrsg.): Spurensuche. Konstruktivistische Theorien der Politik, Wiesbaden 2014, S. 95-114.<\/p>\n\n\n\n<hr class=\"wp-block-separator has-alpha-channel-opacity\"\/>\n\n\n\n<p>Praxistheoretische Politikwissenschaften, in: <a href=\"https:\/\/www.theorieblog.de\/index.php\/2017\/07\/praxistheoretische-politikwissenschaften\/\">theorieblog<\/a> (2017).<\/p>\n","protected":false},"excerpt":{"rendered":"<p>Handbuch Poststrukturalistische Perspektiven auf soziale Bewegungen. Ans\u00e4tze, Methoden und Forschungspraxis von Judith Vey \/ Johanna Leinius \/ Ingmar Hagemann (Hg.)&nbsp; Das Handbuch widmet sich erstmals systematisch und vergleichend der Frage, wie soziale Bewegungen aus einer poststrukturalistischen Perspektive analysiert werden k\u00f6nnen. Die Beitr\u00e4ge stellen verschiedene Ans\u00e4tze vor und zeigen jeweils anhand eines Beispiels aus der Forschungspraxis, [&hellip;]<\/p>\n","protected":false},"author":1,"featured_media":0,"parent":0,"menu_order":0,"comment_status":"open","ping_status":"open","template":"","meta":{"footnotes":""},"class_list":["post-554","page","type-page","status-publish","hentry"],"_links":{"self":[{"href":"http:\/\/www.ingmar-hagemann.de\/wordpress\/wp-json\/wp\/v2\/pages\/554","targetHints":{"allow":["GET"]}}],"collection":[{"href":"http:\/\/www.ingmar-hagemann.de\/wordpress\/wp-json\/wp\/v2\/pages"}],"about":[{"href":"http:\/\/www.ingmar-hagemann.de\/wordpress\/wp-json\/wp\/v2\/types\/page"}],"author":[{"embeddable":true,"href":"http:\/\/www.ingmar-hagemann.de\/wordpress\/wp-json\/wp\/v2\/users\/1"}],"replies":[{"embeddable":true,"href":"http:\/\/www.ingmar-hagemann.de\/wordpress\/wp-json\/wp\/v2\/comments?post=554"}],"version-history":[{"count":20,"href":"http:\/\/www.ingmar-hagemann.de\/wordpress\/wp-json\/wp\/v2\/pages\/554\/revisions"}],"predecessor-version":[{"id":781,"href":"http:\/\/www.ingmar-hagemann.de\/wordpress\/wp-json\/wp\/v2\/pages\/554\/revisions\/781"}],"wp:attachment":[{"href":"http:\/\/www.ingmar-hagemann.de\/wordpress\/wp-json\/wp\/v2\/media?parent=554"}],"curies":[{"name":"wp","href":"https:\/\/api.w.org\/{rel}","templated":true}]}}